{"id":1250,"date":"2021-05-20T19:21:10","date_gmt":"2021-05-20T17:21:10","guid":{"rendered":"https:\/\/reznicek.zetcomp.cz\/?page_id=1250"},"modified":"2021-11-11T16:46:12","modified_gmt":"2021-11-11T15:46:12","slug":"galerie","status":"publish","type":"page","link":"https:\/\/socharreznicek.cz\/?page_id=1250","title":{"rendered":"Galerie kov"},"content":{"rendered":"\t\t<div data-elementor-type=\"wp-page\" data-elementor-id=\"1250\" class=\"elementor elementor-1250\" data-elementor-settings=\"[]\">\n\t\t\t\t\t\t\t<div class=\"elementor-section-wrap\">\n\t\t\t\t\t\t\t<section class=\"elementor-section elementor-top-section elementor-element elementor-element-0d39ba7 elementor-section-items-stretch elementor-section-height-min-height elementor-section-stretched elementor-section-boxed elementor-section-height-default\" data-id=\"0d39ba7\" data-element_type=\"section\" data-settings=\"{&quot;background_background&quot;:&quot;classic&quot;,&quot;stretch_section&quot;:&quot;section-stretched&quot;}\">\n\t\t\t\t\t\t\t<div class=\"elementor-background-overlay\"><\/div>\n\t\t\t\t\t\t\t<div class=\"elementor-container elementor-column-gap-no\">\n\t\t\t\t\t<div class=\"elementor-column elementor-col-100 elementor-top-column elementor-element elementor-element-83c7cd0\" data-id=\"83c7cd0\" data-element_type=\"column\">\n\t\t\t<div class=\"elementor-widget-wrap elementor-element-populated\">\n\t\t\t\t\t\t\t\t<div class=\"elementor-element elementor-element-05a0031 elementor-widget elementor-widget-heading\" data-id=\"05a0031\" data-element_type=\"widget\" data-widget_type=\"heading.default\">\n\t\t\t\t<div class=\"elementor-widget-container\">\n\t\t\t<h2 class=\"elementor-heading-title elementor-size-default\"><font face=\"Inter, sans-serif\"><b>V\u0161e vyroben\u00e9 z <\/b><\/font><\/h2>\t\t<\/div>\n\t\t\t\t<\/div>\n\t\t\t\t<div class=\"elementor-element elementor-element-38aea77 elementor-widget elementor-widget-heading\" data-id=\"38aea77\" data-element_type=\"widget\" data-widget_type=\"heading.default\">\n\t\t\t\t<div class=\"elementor-widget-container\">\n\t\t\t<h2 class=\"elementor-heading-title elementor-size-default\"><font face=\"Inter, sans-serif\"><span style=\"white-space: normal;\"><b>kovu<\/b><\/span><\/font><\/h2>\t\t<\/div>\n\t\t\t\t<\/div>\n\t\t\t\t<section class=\"elementor-section elementor-inner-section elementor-element elementor-element-0902caf elementor-section-boxed elementor-section-height-default elementor-section-height-default\" data-id=\"0902caf\" data-element_type=\"section\">\n\t\t\t\t\t\t<div class=\"elementor-container elementor-column-gap-no\">\n\t\t\t\t\t<div class=\"elementor-column elementor-col-100 elementor-inner-column elementor-element elementor-element-f9099f8\" data-id=\"f9099f8\" data-element_type=\"column\">\n\t\t\t<div class=\"elementor-widget-wrap elementor-element-populated\">\n\t\t\t\t\t\t\t\t<div class=\"elementor-element elementor-element-10e9c44 elementor-widget elementor-widget-gallery\" data-id=\"10e9c44\" data-element_type=\"widget\" data-settings=\"{&quot;gallery_layout&quot;:&quot;justified&quot;,&quot;ideal_row_height&quot;:{&quot;unit&quot;:&quot;px&quot;,&quot;size&quot;:175,&quot;sizes&quot;:[]},&quot;gap&quot;:{&quot;unit&quot;:&quot;px&quot;,&quot;size&quot;:0,&quot;sizes&quot;:[]},&quot;gap_mobile&quot;:{&quot;unit&quot;:&quot;px&quot;,&quot;size&quot;:0,&quot;sizes&quot;:[]},&quot;lazyload&quot;:&quot;yes&quot;,&quot;ideal_row_height_tablet&quot;:{&quot;unit&quot;:&quot;px&quot;,&quot;size&quot;:150,&quot;sizes&quot;:[]},&quot;ideal_row_height_mobile&quot;:{&quot;unit&quot;:&quot;px&quot;,&quot;size&quot;:150,&quot;sizes&quot;:[]},&quot;gap_tablet&quot;:{&quot;unit&quot;:&quot;px&quot;,&quot;size&quot;:10,&quot;sizes&quot;:[]},&quot;link_to&quot;:&quot;file&quot;,&quot;overlay_background&quot;:&quot;yes&quot;,&quot;content_hover_animation&quot;:&quot;fade-in&quot;}\" data-widget_type=\"gallery.default\">\n\t\t\t\t<div class=\"elementor-widget-container\">\n\t\t\t\t\t<div class=\"elementor-gallery__container\">\n\t\t\t\t\t\t\t<a class=\"e-gallery-item elementor-gallery-item elementor-animated-content\" href=\"https:\/\/socharreznicek.cz\/wp-content\/uploads\/2021\/05\/andel-patynovany-cin-40cm-1-scaled.jpg\" data-elementor-open-lightbox=\"yes\" data-elementor-lightbox-slideshow=\"all-10e9c44\" data-elementor-lightbox-title=\"and\u011bl patynovan\u00fd c\u00edn 40cm\">\n\t\t\t\t\t<div class=\"e-gallery-image elementor-gallery-item__image\" data-thumbnail=\"https:\/\/socharreznicek.cz\/wp-content\/uploads\/2021\/05\/andel-patynovany-cin-40cm-1-191x300.jpg\" data-width=\"191\" data-height=\"300\" alt=\"\" ><\/div>\n\t\t\t\t\t\t\t\t\t\t<div class=\"elementor-gallery-item__overlay\"><\/div>\n\t\t\t\t\t\t\t\t\t\t\t\t\t\t<\/a>\n\t\t\t\t\t\t\t<a class=\"e-gallery-item elementor-gallery-item elementor-animated-content\" href=\"https:\/\/socharreznicek.cz\/wp-content\/uploads\/2021\/05\/andel-patynovany-cin-40cm-scaled.jpg\" data-elementor-open-lightbox=\"yes\" data-elementor-lightbox-slideshow=\"all-10e9c44\" data-elementor-lightbox-title=\"and\u011bl patynovan\u00fd c\u00edn 40cm\">\n\t\t\t\t\t<div class=\"e-gallery-image elementor-gallery-item__image\" data-thumbnail=\"https:\/\/socharreznicek.cz\/wp-content\/uploads\/2021\/05\/andel-patynovany-cin-40cm-191x300.jpg\" data-width=\"191\" data-height=\"300\" alt=\"\" ><\/div>\n\t\t\t\t\t\t\t\t\t\t<div class=\"elementor-gallery-item__overlay\"><\/div>\n\t\t\t\t\t\t\t\t\t\t\t\t\t\t<\/a>\n\t\t\t\t\t\t\t<a class=\"e-gallery-item elementor-gallery-item elementor-animated-content\" href=\"https:\/\/socharreznicek.cz\/wp-content\/uploads\/2021\/05\/divka-patynovany-cin-15cm-scaled.jpg\" data-elementor-open-lightbox=\"yes\" data-elementor-lightbox-slideshow=\"all-10e9c44\" data-elementor-lightbox-title=\"d\u00edvka patynovan\u00fd c\u00edn 15cm\">\n\t\t\t\t\t<div class=\"e-gallery-image elementor-gallery-item__image\" data-thumbnail=\"https:\/\/socharreznicek.cz\/wp-content\/uploads\/2021\/05\/divka-patynovany-cin-15cm-300x266.jpg\" data-width=\"300\" data-height=\"266\" alt=\"\" ><\/div>\n\t\t\t\t\t\t\t\t\t\t<div class=\"elementor-gallery-item__overlay\"><\/div>\n\t\t\t\t\t\t\t\t\t\t\t\t\t\t<\/a>\n\t\t\t\t\t\t\t<a class=\"e-gallery-item elementor-gallery-item elementor-animated-content\" href=\"https:\/\/socharreznicek.cz\/wp-content\/uploads\/2021\/05\/DSC_0423-scaled.jpg\" data-elementor-open-lightbox=\"yes\" data-elementor-lightbox-slideshow=\"all-10e9c44\" data-elementor-lightbox-title=\"DSC_0423\">\n\t\t\t\t\t<div class=\"e-gallery-image elementor-gallery-item__image\" data-thumbnail=\"https:\/\/socharreznicek.cz\/wp-content\/uploads\/2021\/05\/DSC_0423-178x300.jpg\" data-width=\"178\" data-height=\"300\" alt=\"\" ><\/div>\n\t\t\t\t\t\t\t\t\t\t<div class=\"elementor-gallery-item__overlay\"><\/div>\n\t\t\t\t\t\t\t\t\t\t\t\t\t\t<\/a>\n\t\t\t\t\t\t\t<a class=\"e-gallery-item elementor-gallery-item elementor-animated-content\" href=\"https:\/\/socharreznicek.cz\/wp-content\/uploads\/2021\/05\/DSCN2207-scaled.jpg\" data-elementor-open-lightbox=\"yes\" data-elementor-lightbox-slideshow=\"all-10e9c44\" data-elementor-lightbox-title=\"DSCN2207\">\n\t\t\t\t\t<div class=\"e-gallery-image elementor-gallery-item__image\" data-thumbnail=\"https:\/\/socharreznicek.cz\/wp-content\/uploads\/2021\/05\/DSCN2207-255x300.jpg\" data-width=\"255\" data-height=\"300\" alt=\"\" ><\/div>\n\t\t\t\t\t\t\t\t\t\t<div class=\"elementor-gallery-item__overlay\"><\/div>\n\t\t\t\t\t\t\t\t\t\t\t\t\t\t<\/a>\n\t\t\t\t\t\t\t<a class=\"e-gallery-item elementor-gallery-item elementor-animated-content\" href=\"https:\/\/socharreznicek.cz\/wp-content\/uploads\/2021\/05\/DSCN2750-scaled.jpg\" data-elementor-open-lightbox=\"yes\" data-elementor-lightbox-slideshow=\"all-10e9c44\" data-elementor-lightbox-title=\"DSCN2750\">\n\t\t\t\t\t<div class=\"e-gallery-image elementor-gallery-item__image\" data-thumbnail=\"https:\/\/socharreznicek.cz\/wp-content\/uploads\/2021\/05\/DSCN2750-234x300.jpg\" data-width=\"234\" data-height=\"300\" alt=\"\" ><\/div>\n\t\t\t\t\t\t\t\t\t\t<div class=\"elementor-gallery-item__overlay\"><\/div>\n\t\t\t\t\t\t\t\t\t\t\t\t\t\t<\/a>\n\t\t\t\t\t\t\t<a class=\"e-gallery-item elementor-gallery-item elementor-animated-content\" href=\"https:\/\/socharreznicek.cz\/wp-content\/uploads\/2021\/05\/DSCN2784-scaled.jpg\" data-elementor-open-lightbox=\"yes\" data-elementor-lightbox-slideshow=\"all-10e9c44\" data-elementor-lightbox-title=\"DSCN2784\">\n\t\t\t\t\t<div class=\"e-gallery-image elementor-gallery-item__image\" data-thumbnail=\"https:\/\/socharreznicek.cz\/wp-content\/uploads\/2021\/05\/DSCN2784-231x300.jpg\" data-width=\"231\" data-height=\"300\" alt=\"\" ><\/div>\n\t\t\t\t\t\t\t\t\t\t<div class=\"elementor-gallery-item__overlay\"><\/div>\n\t\t\t\t\t\t\t\t\t\t\t\t\t\t<\/a>\n\t\t\t\t\t\t\t<a class=\"e-gallery-item elementor-gallery-item elementor-animated-content\" href=\"https:\/\/socharreznicek.cz\/wp-content\/uploads\/2021\/05\/DSCN2857-scaled.jpg\" data-elementor-open-lightbox=\"yes\" data-elementor-lightbox-slideshow=\"all-10e9c44\" data-elementor-lightbox-title=\"DSCN2857\">\n\t\t\t\t\t<div class=\"e-gallery-image elementor-gallery-item__image\" data-thumbnail=\"https:\/\/socharreznicek.cz\/wp-content\/uploads\/2021\/05\/DSCN2857-189x300.jpg\" data-width=\"189\" data-height=\"300\" alt=\"\" ><\/div>\n\t\t\t\t\t\t\t\t\t\t<div class=\"elementor-gallery-item__overlay\"><\/div>\n\t\t\t\t\t\t\t\t\t\t\t\t\t\t<\/a>\n\t\t\t\t\t\t\t<a class=\"e-gallery-item elementor-gallery-item elementor-animated-content\" href=\"https:\/\/socharreznicek.cz\/wp-content\/uploads\/2021\/05\/DSCN2858-scaled.jpg\" data-elementor-open-lightbox=\"yes\" data-elementor-lightbox-slideshow=\"all-10e9c44\" data-elementor-lightbox-title=\"DSCN2858\">\n\t\t\t\t\t<div class=\"e-gallery-image elementor-gallery-item__image\" data-thumbnail=\"https:\/\/socharreznicek.cz\/wp-content\/uploads\/2021\/05\/DSCN2858-146x300.jpg\" data-width=\"146\" data-height=\"300\" alt=\"\" ><\/div>\n\t\t\t\t\t\t\t\t\t\t<div class=\"elementor-gallery-item__overlay\"><\/div>\n\t\t\t\t\t\t\t\t\t\t\t\t\t\t<\/a>\n\t\t\t\t\t\t\t<a class=\"e-gallery-item elementor-gallery-item elementor-animated-content\" href=\"https:\/\/socharreznicek.cz\/wp-content\/uploads\/2021\/05\/DSCN2860-scaled.jpg\" data-elementor-open-lightbox=\"yes\" data-elementor-lightbox-slideshow=\"all-10e9c44\" data-elementor-lightbox-title=\"DSCN2860\">\n\t\t\t\t\t<div class=\"e-gallery-image elementor-gallery-item__image\" data-thumbnail=\"https:\/\/socharreznicek.cz\/wp-content\/uploads\/2021\/05\/DSCN2860-161x300.jpg\" data-width=\"161\" data-height=\"300\" alt=\"\" ><\/div>\n\t\t\t\t\t\t\t\t\t\t<div class=\"elementor-gallery-item__overlay\"><\/div>\n\t\t\t\t\t\t\t\t\t\t\t\t\t\t<\/a>\n\t\t\t\t\t\t\t<a class=\"e-gallery-item elementor-gallery-item elementor-animated-content\" href=\"https:\/\/socharreznicek.cz\/wp-content\/uploads\/2021\/05\/DSCN2861-scaled.jpg\" data-elementor-open-lightbox=\"yes\" data-elementor-lightbox-slideshow=\"all-10e9c44\" data-elementor-lightbox-title=\"DSCN2861\">\n\t\t\t\t\t<div class=\"e-gallery-image elementor-gallery-item__image\" data-thumbnail=\"https:\/\/socharreznicek.cz\/wp-content\/uploads\/2021\/05\/DSCN2861-139x300.jpg\" data-width=\"139\" data-height=\"300\" alt=\"\" ><\/div>\n\t\t\t\t\t\t\t\t\t\t<div class=\"elementor-gallery-item__overlay\"><\/div>\n\t\t\t\t\t\t\t\t\t\t\t\t\t\t<\/a>\n\t\t\t\t\t\t\t<a class=\"e-gallery-item elementor-gallery-item elementor-animated-content\" href=\"https:\/\/socharreznicek.cz\/wp-content\/uploads\/2021\/05\/embrio-zula-patynovany-cin120cm-scaled.jpg\" data-elementor-open-lightbox=\"yes\" data-elementor-lightbox-slideshow=\"all-10e9c44\" data-elementor-lightbox-title=\"embrio \u017eula patynovan\u00fd c\u00edn120cm\">\n\t\t\t\t\t<div class=\"e-gallery-image elementor-gallery-item__image\" data-thumbnail=\"https:\/\/socharreznicek.cz\/wp-content\/uploads\/2021\/05\/embrio-zula-patynovany-cin120cm-216x300.jpg\" data-width=\"216\" data-height=\"300\" alt=\"\" ><\/div>\n\t\t\t\t\t\t\t\t\t\t<div class=\"elementor-gallery-item__overlay\"><\/div>\n\t\t\t\t\t\t\t\t\t\t\t\t\t\t<\/a>\n\t\t\t\t\t\t\t<a class=\"e-gallery-item elementor-gallery-item elementor-animated-content\" href=\"https:\/\/socharreznicek.cz\/wp-content\/uploads\/2021\/05\/filozof-patynovany-cin120cm.jpg\" data-elementor-open-lightbox=\"yes\" data-elementor-lightbox-slideshow=\"all-10e9c44\" data-elementor-lightbox-title=\"filozof patynovan\u00fd c\u00edn120cm\">\n\t\t\t\t\t<div class=\"e-gallery-image elementor-gallery-item__image\" data-thumbnail=\"https:\/\/socharreznicek.cz\/wp-content\/uploads\/2021\/05\/filozof-patynovany-cin120cm-170x300.jpg\" data-width=\"170\" data-height=\"300\" alt=\"\" ><\/div>\n\t\t\t\t\t\t\t\t\t\t<div class=\"elementor-gallery-item__overlay\"><\/div>\n\t\t\t\t\t\t\t\t\t\t\t\t\t\t<\/a>\n\t\t\t\t\t\t\t<a class=\"e-gallery-item elementor-gallery-item elementor-animated-content\" href=\"https:\/\/socharreznicek.cz\/wp-content\/uploads\/2021\/05\/fotky-314-scaled.jpg\" data-elementor-open-lightbox=\"yes\" data-elementor-lightbox-slideshow=\"all-10e9c44\" data-elementor-lightbox-title=\"fotky 314\">\n\t\t\t\t\t<div class=\"e-gallery-image elementor-gallery-item__image\" data-thumbnail=\"https:\/\/socharreznicek.cz\/wp-content\/uploads\/2021\/05\/fotky-314-195x300.jpg\" data-width=\"195\" data-height=\"300\" alt=\"\" ><\/div>\n\t\t\t\t\t\t\t\t\t\t<div class=\"elementor-gallery-item__overlay\"><\/div>\n\t\t\t\t\t\t\t\t\t\t\t\t\t\t<\/a>\n\t\t\t\t\t\t\t<a class=\"e-gallery-item elementor-gallery-item elementor-animated-content\" href=\"https:\/\/socharreznicek.cz\/wp-content\/uploads\/2021\/05\/fotky-336-scaled.jpg\" data-elementor-open-lightbox=\"yes\" data-elementor-lightbox-slideshow=\"all-10e9c44\" data-elementor-lightbox-title=\"fotky 336\">\n\t\t\t\t\t<div class=\"e-gallery-image elementor-gallery-item__image\" data-thumbnail=\"https:\/\/socharreznicek.cz\/wp-content\/uploads\/2021\/05\/fotky-336-166x300.jpg\" data-width=\"166\" data-height=\"300\" alt=\"\" ><\/div>\n\t\t\t\t\t\t\t\t\t\t<div class=\"elementor-gallery-item__overlay\"><\/div>\n\t\t\t\t\t\t\t\t\t\t\t\t\t\t<\/a>\n\t\t\t\t\t\t\t<a class=\"e-gallery-item elementor-gallery-item elementor-animated-content\" href=\"https:\/\/socharreznicek.cz\/wp-content\/uploads\/2021\/05\/IMG_9857-scaled.jpg\" data-elementor-open-lightbox=\"yes\" data-elementor-lightbox-slideshow=\"all-10e9c44\" data-elementor-lightbox-title=\"IMG_9857\">\n\t\t\t\t\t<div class=\"e-gallery-image elementor-gallery-item__image\" data-thumbnail=\"https:\/\/socharreznicek.cz\/wp-content\/uploads\/2021\/05\/IMG_9857-300x234.jpg\" data-width=\"300\" data-height=\"234\" alt=\"\" ><\/div>\n\t\t\t\t\t\t\t\t\t\t<div class=\"elementor-gallery-item__overlay\"><\/div>\n\t\t\t\t\t\t\t\t\t\t\t\t\t\t<\/a>\n\t\t\t\t\t\t\t<a class=\"e-gallery-item elementor-gallery-item elementor-animated-content\" href=\"https:\/\/socharreznicek.cz\/wp-content\/uploads\/2021\/05\/kriz-mramorzula-patynovany-cin-170cm-scaled.jpg\" data-elementor-open-lightbox=\"yes\" data-elementor-lightbox-slideshow=\"all-10e9c44\" data-elementor-lightbox-title=\"k\u0159\u00ed\u017e mramor,\u017eula patynovan\u00fd c\u00edn 170cm\">\n\t\t\t\t\t<div class=\"e-gallery-image elementor-gallery-item__image\" data-thumbnail=\"https:\/\/socharreznicek.cz\/wp-content\/uploads\/2021\/05\/kriz-mramorzula-patynovany-cin-170cm-122x300.jpg\" data-width=\"122\" data-height=\"300\" alt=\"\" ><\/div>\n\t\t\t\t\t\t\t\t\t\t<div class=\"elementor-gallery-item__overlay\"><\/div>\n\t\t\t\t\t\t\t\t\t\t\t\t\t\t<\/a>\n\t\t\t\t\t\t\t<a class=\"e-gallery-item elementor-gallery-item elementor-animated-content\" href=\"https:\/\/socharreznicek.cz\/wp-content\/uploads\/2021\/05\/kureci-bujon-zula-patynovany-cin15cm-scaled.jpg\" data-elementor-open-lightbox=\"yes\" data-elementor-lightbox-slideshow=\"all-10e9c44\" data-elementor-lightbox-title=\"ku\u0159ec\u00ed bujon \u017eula patynovan\u00fd c\u00edn15cm\">\n\t\t\t\t\t<div class=\"e-gallery-image elementor-gallery-item__image\" data-thumbnail=\"https:\/\/socharreznicek.cz\/wp-content\/uploads\/2021\/05\/kureci-bujon-zula-patynovany-cin15cm-300x184.jpg\" data-width=\"300\" data-height=\"184\" alt=\"\" ><\/div>\n\t\t\t\t\t\t\t\t\t\t<div class=\"elementor-gallery-item__overlay\"><\/div>\n\t\t\t\t\t\t\t\t\t\t\t\t\t\t<\/a>\n\t\t\t\t\t\t\t<a class=\"e-gallery-item elementor-gallery-item elementor-animated-content\" href=\"https:\/\/socharreznicek.cz\/wp-content\/uploads\/2021\/05\/lepka-patynovany-cin-120cm-scaled.jpg\" data-elementor-open-lightbox=\"yes\" data-elementor-lightbox-slideshow=\"all-10e9c44\" data-elementor-lightbox-title=\"lepka patynovan\u00fd c\u00edn 120cm\">\n\t\t\t\t\t<div class=\"e-gallery-image elementor-gallery-item__image\" data-thumbnail=\"https:\/\/socharreznicek.cz\/wp-content\/uploads\/2021\/05\/lepka-patynovany-cin-120cm-121x300.jpg\" data-width=\"121\" data-height=\"300\" alt=\"\" ><\/div>\n\t\t\t\t\t\t\t\t\t\t<div class=\"elementor-gallery-item__overlay\"><\/div>\n\t\t\t\t\t\t\t\t\t\t\t\t\t\t<\/a>\n\t\t\t\t\t\t\t<a class=\"e-gallery-item elementor-gallery-item elementor-animated-content\" href=\"https:\/\/socharreznicek.cz\/wp-content\/uploads\/2021\/05\/madona-patynovany-cin-45cm-scaled.jpg\" data-elementor-open-lightbox=\"yes\" data-elementor-lightbox-slideshow=\"all-10e9c44\" data-elementor-lightbox-title=\"madona patynovan\u00fd c\u00edn-45cm\">\n\t\t\t\t\t<div class=\"e-gallery-image elementor-gallery-item__image\" data-thumbnail=\"https:\/\/socharreznicek.cz\/wp-content\/uploads\/2021\/05\/madona-patynovany-cin-45cm-152x300.jpg\" data-width=\"152\" data-height=\"300\" alt=\"\" ><\/div>\n\t\t\t\t\t\t\t\t\t\t<div class=\"elementor-gallery-item__overlay\"><\/div>\n\t\t\t\t\t\t\t\t\t\t\t\t\t\t<\/a>\n\t\t\t\t\t\t\t<a class=\"e-gallery-item elementor-gallery-item elementor-animated-content\" href=\"https:\/\/socharreznicek.cz\/wp-content\/uploads\/2021\/05\/myslenka-svecka-zulapatynovany-cin-130cm-scaled.jpg\" data-elementor-open-lightbox=\"yes\" data-elementor-lightbox-slideshow=\"all-10e9c44\" data-elementor-lightbox-title=\"my\u0161lenka \u0161v\u00e9ck\u00e1 \u017eula,patynovan\u00fd c\u00edn 130cm\">\n\t\t\t\t\t<div class=\"e-gallery-image elementor-gallery-item__image\" data-thumbnail=\"https:\/\/socharreznicek.cz\/wp-content\/uploads\/2021\/05\/myslenka-svecka-zulapatynovany-cin-130cm-149x300.jpg\" data-width=\"149\" data-height=\"300\" alt=\"\" ><\/div>\n\t\t\t\t\t\t\t\t\t\t<div class=\"elementor-gallery-item__overlay\"><\/div>\n\t\t\t\t\t\t\t\t\t\t\t\t\t\t<\/a>\n\t\t\t\t\t\t\t<a class=\"e-gallery-item elementor-gallery-item elementor-animated-content\" href=\"https:\/\/socharreznicek.cz\/wp-content\/uploads\/2021\/05\/noblesa-patynovany-cin-170cm-scaled.jpg\" data-elementor-open-lightbox=\"yes\" data-elementor-lightbox-slideshow=\"all-10e9c44\" data-elementor-lightbox-title=\"noblesa patynovan\u00fd c\u00edn 170cm\">\n\t\t\t\t\t<div class=\"e-gallery-image elementor-gallery-item__image\" data-thumbnail=\"https:\/\/socharreznicek.cz\/wp-content\/uploads\/2021\/05\/noblesa-patynovany-cin-170cm-147x300.jpg\" data-width=\"147\" data-height=\"300\" alt=\"\" ><\/div>\n\t\t\t\t\t\t\t\t\t\t<div class=\"elementor-gallery-item__overlay\"><\/div>\n\t\t\t\t\t\t\t\t\t\t\t\t\t\t<\/a>\n\t\t\t\t\t\t\t<a class=\"e-gallery-item elementor-gallery-item elementor-animated-content\" href=\"https:\/\/socharreznicek.cz\/wp-content\/uploads\/2021\/05\/pater-patynovany-cin120cm-scaled.jpg\" data-elementor-open-lightbox=\"yes\" data-elementor-lightbox-slideshow=\"all-10e9c44\" data-elementor-lightbox-title=\"p\u00e1te\u0159 patynovan\u00fd c\u00edn120cm\">\n\t\t\t\t\t<div class=\"e-gallery-image elementor-gallery-item__image\" data-thumbnail=\"https:\/\/socharreznicek.cz\/wp-content\/uploads\/2021\/05\/pater-patynovany-cin120cm-192x300.jpg\" data-width=\"192\" data-height=\"300\" alt=\"\" ><\/div>\n\t\t\t\t\t\t\t\t\t\t<div class=\"elementor-gallery-item__overlay\"><\/div>\n\t\t\t\t\t\t\t\t\t\t\t\t\t\t<\/a>\n\t\t\t\t\t\t\t<a class=\"e-gallery-item elementor-gallery-item elementor-animated-content\" href=\"https:\/\/socharreznicek.cz\/wp-content\/uploads\/2021\/05\/plzenacka-patynovany-cin130cm-scaled.jpg\" data-elementor-open-lightbox=\"yes\" data-elementor-lightbox-slideshow=\"all-10e9c44\" data-elementor-lightbox-title=\"plzena\u010dka patynovan\u00fd c\u00edn130cm\">\n\t\t\t\t\t<div class=\"e-gallery-image elementor-gallery-item__image\" data-thumbnail=\"https:\/\/socharreznicek.cz\/wp-content\/uploads\/2021\/05\/plzenacka-patynovany-cin130cm-131x300.jpg\" data-width=\"131\" data-height=\"300\" alt=\"\" ><\/div>\n\t\t\t\t\t\t\t\t\t\t<div class=\"elementor-gallery-item__overlay\"><\/div>\n\t\t\t\t\t\t\t\t\t\t\t\t\t\t<\/a>\n\t\t\t\t\t\t\t<a class=\"e-gallery-item elementor-gallery-item elementor-animated-content\" href=\"https:\/\/socharreznicek.cz\/wp-content\/uploads\/2021\/05\/pocatek-zulamed-130cm-scaled.jpg\" data-elementor-open-lightbox=\"yes\" data-elementor-lightbox-slideshow=\"all-10e9c44\" data-elementor-lightbox-title=\"po\u010d\u00e1tek \u017eula,m\u011bd 130cm\">\n\t\t\t\t\t<div class=\"e-gallery-image elementor-gallery-item__image\" data-thumbnail=\"https:\/\/socharreznicek.cz\/wp-content\/uploads\/2021\/05\/pocatek-zulamed-130cm-187x300.jpg\" data-width=\"187\" data-height=\"300\" alt=\"\" ><\/div>\n\t\t\t\t\t\t\t\t\t\t<div class=\"elementor-gallery-item__overlay\"><\/div>\n\t\t\t\t\t\t\t\t\t\t\t\t\t\t<\/a>\n\t\t\t\t\t\t\t<a class=\"e-gallery-item elementor-gallery-item elementor-animated-content\" href=\"https:\/\/socharreznicek.cz\/wp-content\/uploads\/2021\/05\/v-ocekavani-patynovany-cin40cm-scaled.jpg\" data-elementor-open-lightbox=\"yes\" data-elementor-lightbox-slideshow=\"all-10e9c44\" data-elementor-lightbox-title=\"v o\u010dek\u00e1v\u00e1n\u00ed patynovan\u00fd c\u00edn40cm\">\n\t\t\t\t\t<div class=\"e-gallery-image elementor-gallery-item__image\" data-thumbnail=\"https:\/\/socharreznicek.cz\/wp-content\/uploads\/2021\/05\/v-ocekavani-patynovany-cin40cm-167x300.jpg\" data-width=\"167\" data-height=\"300\" alt=\"\" ><\/div>\n\t\t\t\t\t\t\t\t\t\t<div class=\"elementor-gallery-item__overlay\"><\/div>\n\t\t\t\t\t\t\t\t\t\t\t\t\t\t<\/a>\n\t\t\t\t\t\t\t<a class=\"e-gallery-item elementor-gallery-item elementor-animated-content\" href=\"https:\/\/socharreznicek.cz\/wp-content\/uploads\/2021\/05\/vyrus-piskovec-patynovany-cin-120cm-scaled.jpg\" data-elementor-open-lightbox=\"yes\" data-elementor-lightbox-slideshow=\"all-10e9c44\" data-elementor-lightbox-title=\"vyrus p\u00edskovec patynovan\u00fd c\u00edn 120cm\">\n\t\t\t\t\t<div class=\"e-gallery-image elementor-gallery-item__image\" data-thumbnail=\"https:\/\/socharreznicek.cz\/wp-content\/uploads\/2021\/05\/vyrus-piskovec-patynovany-cin-120cm-225x300.jpg\" data-width=\"225\" data-height=\"300\" alt=\"\" ><\/div>\n\t\t\t\t\t\t\t\t\t\t<div class=\"elementor-gallery-item__overlay\"><\/div>\n\t\t\t\t\t\t\t\t\t\t\t\t\t\t<\/a>\n\t\t\t\t\t<\/div>\n\t\t\t<\/div>\n\t\t\t\t<\/div>\n\t\t\t\t<div class=\"elementor-element elementor-element-78bc6af elementor-align-center elementor-widget elementor-widget-button\" data-id=\"78bc6af\" data-element_type=\"widget\" data-widget_type=\"button.default\">\n\t\t\t\t<div class=\"elementor-widget-container\">\n\t\t\t\t\t<div class=\"elementor-button-wrapper\">\n\t\t\t<a href=\"http:\/\/socharreznicek.cz\" class=\"elementor-button-link elementor-button elementor-size-sm\" role=\"button\">\n\t\t\t\t\t\t<span class=\"elementor-button-content-wrapper\">\n\t\t\t\t\t\t<span class=\"elementor-button-text\">Zp\u011bt na hlavn\u00ed str\u00e1nku<\/span>\n\t\t<\/span>\n\t\t\t\t\t<\/a>\n\t\t<\/div>\n\t\t\t\t<\/div>\n\t\t\t\t<\/div>\n\t\t\t\t\t<\/div>\n\t\t<\/div>\n\t\t\t\t\t\t\t<\/div>\n\t\t<\/section>\n\t\t\t\t\t<\/div>\n\t\t<\/div>\n\t\t\t\t\t\t\t<\/div>\n\t\t<\/section>\n\t\t\t\t\t\t<\/div>\n\t\t\t\t\t<\/div>\n\t\t","protected":false},"excerpt":{"rendered":"<p>V\u0161e vyroben\u00e9 z kovu Zp\u011bt na hlavn\u00ed str\u00e1nku<\/p>\n","protected":false},"author":1,"featured_media":0,"parent":0,"menu_order":0,"comment_status":"closed","ping_status":"closed","template":"","meta":{"footnotes":""},"class_list":["post-1250","page","type-page","status-publish","hentry"],"_links":{"self":[{"href":"https:\/\/socharreznicek.cz\/index.php?rest_route=\/wp\/v2\/pages\/1250","targetHints":{"allow":["GET"]}}],"collection":[{"href":"https:\/\/socharreznicek.cz\/index.php?rest_route=\/wp\/v2\/pages"}],"about":[{"href":"https:\/\/socharreznicek.cz\/index.php?rest_route=\/wp\/v2\/types\/page"}],"author":[{"embeddable":true,"href":"https:\/\/socharreznicek.cz\/index.php?rest_route=\/wp\/v2\/users\/1"}],"replies":[{"embeddable":true,"href":"https:\/\/socharreznicek.cz\/index.php?rest_route=%2Fwp%2Fv2%2Fcomments&post=1250"}],"version-history":[{"count":44,"href":"https:\/\/socharreznicek.cz\/index.php?rest_route=\/wp\/v2\/pages\/1250\/revisions"}],"predecessor-version":[{"id":1515,"href":"https:\/\/socharreznicek.cz\/index.php?rest_route=\/wp\/v2\/pages\/1250\/revisions\/1515"}],"wp:attachment":[{"href":"https:\/\/socharreznicek.cz\/index.php?rest_route=%2Fwp%2Fv2%2Fmedia&parent=1250"}],"curies":[{"name":"wp","href":"https:\/\/api.w.org\/{rel}","templated":true}]}}