{"id":1286,"date":"2021-05-20T19:41:36","date_gmt":"2021-05-20T17:41:36","guid":{"rendered":"https:\/\/reznicek.zetcomp.cz\/?page_id=1286"},"modified":"2021-11-11T16:48:12","modified_gmt":"2021-11-11T15:48:12","slug":"galerie-kamene","status":"publish","type":"page","link":"https:\/\/socharreznicek.cz\/?page_id=1286","title":{"rendered":"Galerie kamene"},"content":{"rendered":"\t\t<div data-elementor-type=\"wp-page\" data-elementor-id=\"1286\" class=\"elementor elementor-1286\" data-elementor-settings=\"[]\">\n\t\t\t\t\t\t\t<div class=\"elementor-section-wrap\">\n\t\t\t\t\t\t\t<section class=\"elementor-section elementor-top-section elementor-element elementor-element-0d39ba7 elementor-section-items-stretch elementor-section-height-min-height elementor-section-stretched elementor-section-boxed elementor-section-height-default\" data-id=\"0d39ba7\" data-element_type=\"section\" data-settings=\"{&quot;background_background&quot;:&quot;classic&quot;,&quot;stretch_section&quot;:&quot;section-stretched&quot;}\">\n\t\t\t\t\t\t\t<div class=\"elementor-background-overlay\"><\/div>\n\t\t\t\t\t\t\t<div class=\"elementor-container elementor-column-gap-no\">\n\t\t\t\t\t<div class=\"elementor-column elementor-col-100 elementor-top-column elementor-element elementor-element-83c7cd0\" data-id=\"83c7cd0\" data-element_type=\"column\">\n\t\t\t<div class=\"elementor-widget-wrap elementor-element-populated\">\n\t\t\t\t\t\t\t\t<div class=\"elementor-element elementor-element-05a0031 elementor-widget elementor-widget-heading\" data-id=\"05a0031\" data-element_type=\"widget\" data-widget_type=\"heading.default\">\n\t\t\t\t<div class=\"elementor-widget-container\">\n\t\t\t<h2 class=\"elementor-heading-title elementor-size-default\"><font face=\"Inter, sans-serif\"><b>V\u0161e vyroben\u00e9 z <\/b><\/font><\/h2>\t\t<\/div>\n\t\t\t\t<\/div>\n\t\t\t\t<div class=\"elementor-element elementor-element-38aea77 elementor-widget elementor-widget-heading\" data-id=\"38aea77\" data-element_type=\"widget\" data-widget_type=\"heading.default\">\n\t\t\t\t<div class=\"elementor-widget-container\">\n\t\t\t<h2 class=\"elementor-heading-title elementor-size-default\"><font face=\"Inter, sans-serif\"><span style=\"; white-space: normal;\"><b>Kamene<\/b><\/span><\/font><\/h2>\t\t<\/div>\n\t\t\t\t<\/div>\n\t\t\t\t<section class=\"elementor-section elementor-inner-section elementor-element elementor-element-0902caf elementor-section-boxed elementor-section-height-default elementor-section-height-default\" data-id=\"0902caf\" data-element_type=\"section\">\n\t\t\t\t\t\t<div class=\"elementor-container elementor-column-gap-no\">\n\t\t\t\t\t<div class=\"elementor-column elementor-col-100 elementor-inner-column elementor-element elementor-element-f9099f8\" data-id=\"f9099f8\" data-element_type=\"column\">\n\t\t\t<div class=\"elementor-widget-wrap elementor-element-populated\">\n\t\t\t\t\t\t\t\t<div class=\"elementor-element elementor-element-10e9c44 elementor-widget elementor-widget-gallery\" data-id=\"10e9c44\" data-element_type=\"widget\" data-settings=\"{&quot;gallery_layout&quot;:&quot;justified&quot;,&quot;ideal_row_height&quot;:{&quot;unit&quot;:&quot;px&quot;,&quot;size&quot;:175,&quot;sizes&quot;:[]},&quot;gap&quot;:{&quot;unit&quot;:&quot;px&quot;,&quot;size&quot;:0,&quot;sizes&quot;:[]},&quot;gap_mobile&quot;:{&quot;unit&quot;:&quot;px&quot;,&quot;size&quot;:0,&quot;sizes&quot;:[]},&quot;lazyload&quot;:&quot;yes&quot;,&quot;ideal_row_height_tablet&quot;:{&quot;unit&quot;:&quot;px&quot;,&quot;size&quot;:150,&quot;sizes&quot;:[]},&quot;ideal_row_height_mobile&quot;:{&quot;unit&quot;:&quot;px&quot;,&quot;size&quot;:150,&quot;sizes&quot;:[]},&quot;gap_tablet&quot;:{&quot;unit&quot;:&quot;px&quot;,&quot;size&quot;:10,&quot;sizes&quot;:[]},&quot;link_to&quot;:&quot;file&quot;,&quot;overlay_background&quot;:&quot;yes&quot;,&quot;content_hover_animation&quot;:&quot;fade-in&quot;}\" data-widget_type=\"gallery.default\">\n\t\t\t\t<div class=\"elementor-widget-container\">\n\t\t\t\t\t<div class=\"elementor-gallery__container\">\n\t\t\t\t\t\t\t<a class=\"e-gallery-item elementor-gallery-item elementor-animated-content\" href=\"https:\/\/socharreznicek.cz\/wp-content\/uploads\/2021\/05\/vyvoj-zula-120cm-scaled.jpg\" data-elementor-open-lightbox=\"yes\" data-elementor-lightbox-slideshow=\"all-10e9c44\" data-elementor-lightbox-title=\"v\u00fdvoj \u017eula 120cm\">\n\t\t\t\t\t<div class=\"e-gallery-image elementor-gallery-item__image\" data-thumbnail=\"https:\/\/socharreznicek.cz\/wp-content\/uploads\/2021\/05\/vyvoj-zula-120cm-225x300.jpg\" data-width=\"225\" data-height=\"300\" alt=\"\" ><\/div>\n\t\t\t\t\t\t\t\t\t\t<div class=\"elementor-gallery-item__overlay\"><\/div>\n\t\t\t\t\t\t\t\t\t\t\t\t\t\t<\/a>\n\t\t\t\t\t\t\t<a class=\"e-gallery-item elementor-gallery-item elementor-animated-content\" href=\"https:\/\/socharreznicek.cz\/wp-content\/uploads\/2021\/05\/fotky-1963-scaled.jpg\" data-elementor-open-lightbox=\"yes\" data-elementor-lightbox-slideshow=\"all-10e9c44\" data-elementor-lightbox-title=\"fotky 1963\">\n\t\t\t\t\t<div class=\"e-gallery-image elementor-gallery-item__image\" data-thumbnail=\"https:\/\/socharreznicek.cz\/wp-content\/uploads\/2021\/05\/fotky-1963-161x300.jpg\" data-width=\"161\" data-height=\"300\" alt=\"\" ><\/div>\n\t\t\t\t\t\t\t\t\t\t<div class=\"elementor-gallery-item__overlay\"><\/div>\n\t\t\t\t\t\t\t\t\t\t\t\t\t\t<\/a>\n\t\t\t\t\t\t\t<a class=\"e-gallery-item elementor-gallery-item elementor-animated-content\" href=\"https:\/\/socharreznicek.cz\/wp-content\/uploads\/2021\/05\/torzo-piskovec-40cm.jpg\" data-elementor-open-lightbox=\"yes\" data-elementor-lightbox-slideshow=\"all-10e9c44\" data-elementor-lightbox-title=\"torzo p\u00edskovec 40cm\">\n\t\t\t\t\t<div class=\"e-gallery-image elementor-gallery-item__image\" data-thumbnail=\"https:\/\/socharreznicek.cz\/wp-content\/uploads\/2021\/05\/torzo-piskovec-40cm-185x300.jpg\" data-width=\"185\" data-height=\"300\" alt=\"\" ><\/div>\n\t\t\t\t\t\t\t\t\t\t<div class=\"elementor-gallery-item__overlay\"><\/div>\n\t\t\t\t\t\t\t\t\t\t\t\t\t\t<\/a>\n\t\t\t\t\t\t\t<a class=\"e-gallery-item elementor-gallery-item elementor-animated-content\" href=\"https:\/\/socharreznicek.cz\/wp-content\/uploads\/2021\/05\/narozeniny-009.jpg\" data-elementor-open-lightbox=\"yes\" data-elementor-lightbox-slideshow=\"all-10e9c44\" data-elementor-lightbox-title=\"narozeniny 009\">\n\t\t\t\t\t<div class=\"e-gallery-image elementor-gallery-item__image\" data-thumbnail=\"https:\/\/socharreznicek.cz\/wp-content\/uploads\/2021\/05\/narozeniny-009-163x300.jpg\" data-width=\"163\" data-height=\"300\" alt=\"\" ><\/div>\n\t\t\t\t\t\t\t\t\t\t<div class=\"elementor-gallery-item__overlay\"><\/div>\n\t\t\t\t\t\t\t\t\t\t\t\t\t\t<\/a>\n\t\t\t\t\t\t\t<a class=\"e-gallery-item elementor-gallery-item elementor-animated-content\" href=\"https:\/\/socharreznicek.cz\/wp-content\/uploads\/2021\/05\/mrak-mramor-a-zula-150cm-scaled.jpg\" data-elementor-open-lightbox=\"yes\" data-elementor-lightbox-slideshow=\"all-10e9c44\" data-elementor-lightbox-title=\"mrak mramor a \u017eula 150cm\">\n\t\t\t\t\t<div class=\"e-gallery-image elementor-gallery-item__image\" data-thumbnail=\"https:\/\/socharreznicek.cz\/wp-content\/uploads\/2021\/05\/mrak-mramor-a-zula-150cm-179x300.jpg\" data-width=\"179\" data-height=\"300\" alt=\"\" ><\/div>\n\t\t\t\t\t\t\t\t\t\t<div class=\"elementor-gallery-item__overlay\"><\/div>\n\t\t\t\t\t\t\t\t\t\t\t\t\t\t<\/a>\n\t\t\t\t\t\t\t<a class=\"e-gallery-item elementor-gallery-item elementor-animated-content\" href=\"https:\/\/socharreznicek.cz\/wp-content\/uploads\/2021\/05\/pokrok-piskovec-190cm.jpg\" data-elementor-open-lightbox=\"yes\" data-elementor-lightbox-slideshow=\"all-10e9c44\" data-elementor-lightbox-title=\"pokrok p\u00edskovec 190cm\">\n\t\t\t\t\t<div class=\"e-gallery-image elementor-gallery-item__image\" data-thumbnail=\"https:\/\/socharreznicek.cz\/wp-content\/uploads\/2021\/05\/pokrok-piskovec-190cm-188x300.jpg\" data-width=\"188\" data-height=\"300\" alt=\"\" ><\/div>\n\t\t\t\t\t\t\t\t\t\t<div class=\"elementor-gallery-item__overlay\"><\/div>\n\t\t\t\t\t\t\t\t\t\t\t\t\t\t<\/a>\n\t\t\t\t\t\t\t<a class=\"e-gallery-item elementor-gallery-item elementor-animated-content\" href=\"https:\/\/socharreznicek.cz\/wp-content\/uploads\/2021\/05\/pokrok2.jpg\" data-elementor-open-lightbox=\"yes\" data-elementor-lightbox-slideshow=\"all-10e9c44\" data-elementor-lightbox-title=\"pokrok2\">\n\t\t\t\t\t<div class=\"e-gallery-image elementor-gallery-item__image\" data-thumbnail=\"https:\/\/socharreznicek.cz\/wp-content\/uploads\/2021\/05\/pokrok2-169x300.jpg\" data-width=\"169\" data-height=\"300\" alt=\"\" ><\/div>\n\t\t\t\t\t\t\t\t\t\t<div class=\"elementor-gallery-item__overlay\"><\/div>\n\t\t\t\t\t\t\t\t\t\t\t\t\t\t<\/a>\n\t\t\t\t\t\t\t<a class=\"e-gallery-item elementor-gallery-item elementor-animated-content\" href=\"https:\/\/socharreznicek.cz\/wp-content\/uploads\/2021\/05\/pomnik-s-lavyckou-zula-230cm.jpg\" data-elementor-open-lightbox=\"yes\" data-elementor-lightbox-slideshow=\"all-10e9c44\" data-elementor-lightbox-title=\"pomn\u00edk s lavy\u010dkou \u017eula-230cm\">\n\t\t\t\t\t<div class=\"e-gallery-image elementor-gallery-item__image\" data-thumbnail=\"https:\/\/socharreznicek.cz\/wp-content\/uploads\/2021\/05\/pomnik-s-lavyckou-zula-230cm-225x300.jpg\" data-width=\"225\" data-height=\"300\" alt=\"\" ><\/div>\n\t\t\t\t\t\t\t\t\t\t<div class=\"elementor-gallery-item__overlay\"><\/div>\n\t\t\t\t\t\t\t\t\t\t\t\t\t\t<\/a>\n\t\t\t\t\t\t\t<a class=\"e-gallery-item elementor-gallery-item elementor-animated-content\" href=\"https:\/\/socharreznicek.cz\/wp-content\/uploads\/2021\/05\/DSCN2767-scaled.jpg\" data-elementor-open-lightbox=\"yes\" data-elementor-lightbox-slideshow=\"all-10e9c44\" data-elementor-lightbox-title=\"DSCN2767\">\n\t\t\t\t\t<div class=\"e-gallery-image elementor-gallery-item__image\" data-thumbnail=\"https:\/\/socharreznicek.cz\/wp-content\/uploads\/2021\/05\/DSCN2767-165x300.jpg\" data-width=\"165\" data-height=\"300\" alt=\"\" ><\/div>\n\t\t\t\t\t\t\t\t\t\t<div class=\"elementor-gallery-item__overlay\"><\/div>\n\t\t\t\t\t\t\t\t\t\t\t\t\t\t<\/a>\n\t\t\t\t\t\t\t<a class=\"e-gallery-item elementor-gallery-item elementor-animated-content\" href=\"https:\/\/socharreznicek.cz\/wp-content\/uploads\/2021\/05\/segmenty-piskovec-130cm-scaled.jpg\" data-elementor-open-lightbox=\"yes\" data-elementor-lightbox-slideshow=\"all-10e9c44\" data-elementor-lightbox-title=\"segmenty p\u00edskovec 130cm\">\n\t\t\t\t\t<div class=\"e-gallery-image elementor-gallery-item__image\" data-thumbnail=\"https:\/\/socharreznicek.cz\/wp-content\/uploads\/2021\/05\/segmenty-piskovec-130cm-141x300.jpg\" data-width=\"141\" data-height=\"300\" alt=\"\" ><\/div>\n\t\t\t\t\t\t\t\t\t\t<div class=\"elementor-gallery-item__overlay\"><\/div>\n\t\t\t\t\t\t\t\t\t\t\t\t\t\t<\/a>\n\t\t\t\t\t\t\t<a class=\"e-gallery-item elementor-gallery-item elementor-animated-content\" href=\"https:\/\/socharreznicek.cz\/wp-content\/uploads\/2021\/05\/DSCN2762-scaled.jpg\" data-elementor-open-lightbox=\"yes\" data-elementor-lightbox-slideshow=\"all-10e9c44\" data-elementor-lightbox-title=\"DSCN2762\">\n\t\t\t\t\t<div class=\"e-gallery-image elementor-gallery-item__image\" data-thumbnail=\"https:\/\/socharreznicek.cz\/wp-content\/uploads\/2021\/05\/DSCN2762-225x300.jpg\" data-width=\"225\" data-height=\"300\" alt=\"\" ><\/div>\n\t\t\t\t\t\t\t\t\t\t<div class=\"elementor-gallery-item__overlay\"><\/div>\n\t\t\t\t\t\t\t\t\t\t\t\t\t\t<\/a>\n\t\t\t\t\t\t\t<a class=\"e-gallery-item elementor-gallery-item elementor-animated-content\" href=\"https:\/\/socharreznicek.cz\/wp-content\/uploads\/2021\/05\/srdce-mramor-patynovany-cin-130cm-scaled.jpg\" data-elementor-open-lightbox=\"yes\" data-elementor-lightbox-slideshow=\"all-10e9c44\" data-elementor-lightbox-title=\"srdce mramor patynovan\u00fd c\u00edn 130cm\">\n\t\t\t\t\t<div class=\"e-gallery-image elementor-gallery-item__image\" data-thumbnail=\"https:\/\/socharreznicek.cz\/wp-content\/uploads\/2021\/05\/srdce-mramor-patynovany-cin-130cm-225x300.jpg\" data-width=\"225\" data-height=\"300\" alt=\"\" ><\/div>\n\t\t\t\t\t\t\t\t\t\t<div class=\"elementor-gallery-item__overlay\"><\/div>\n\t\t\t\t\t\t\t\t\t\t\t\t\t\t<\/a>\n\t\t\t\t\t\t\t<a class=\"e-gallery-item elementor-gallery-item elementor-animated-content\" href=\"https:\/\/socharreznicek.cz\/wp-content\/uploads\/2021\/05\/menora-piskovec-160cm.jpg\" data-elementor-open-lightbox=\"yes\" data-elementor-lightbox-slideshow=\"all-10e9c44\" data-elementor-lightbox-title=\"menora p\u00edskovec 160cm\">\n\t\t\t\t\t<div class=\"e-gallery-image elementor-gallery-item__image\" data-thumbnail=\"https:\/\/socharreznicek.cz\/wp-content\/uploads\/2021\/05\/menora-piskovec-160cm-300x283.jpg\" data-width=\"300\" data-height=\"283\" alt=\"\" ><\/div>\n\t\t\t\t\t\t\t\t\t\t<div class=\"elementor-gallery-item__overlay\"><\/div>\n\t\t\t\t\t\t\t\t\t\t\t\t\t\t<\/a>\n\t\t\t\t\t\t\t<a class=\"e-gallery-item elementor-gallery-item elementor-animated-content\" href=\"https:\/\/socharreznicek.cz\/wp-content\/uploads\/2021\/05\/IMG_9842-scaled.jpg\" data-elementor-open-lightbox=\"yes\" data-elementor-lightbox-slideshow=\"all-10e9c44\" data-elementor-lightbox-title=\"IMG_9842\">\n\t\t\t\t\t<div class=\"e-gallery-image elementor-gallery-item__image\" data-thumbnail=\"https:\/\/socharreznicek.cz\/wp-content\/uploads\/2021\/05\/IMG_9842-300x200.jpg\" data-width=\"300\" data-height=\"200\" alt=\"\" ><\/div>\n\t\t\t\t\t\t\t\t\t\t<div class=\"elementor-gallery-item__overlay\"><\/div>\n\t\t\t\t\t\t\t\t\t\t\t\t\t\t<\/a>\n\t\t\t\t\t\t\t<a class=\"e-gallery-item elementor-gallery-item elementor-animated-content\" href=\"https:\/\/socharreznicek.cz\/wp-content\/uploads\/2021\/05\/lampa-zula-200cm-scaled.jpg\" data-elementor-open-lightbox=\"yes\" data-elementor-lightbox-slideshow=\"all-10e9c44\" data-elementor-lightbox-title=\"lampa \u017eula 200cm\">\n\t\t\t\t\t<div class=\"e-gallery-image elementor-gallery-item__image\" data-thumbnail=\"https:\/\/socharreznicek.cz\/wp-content\/uploads\/2021\/05\/lampa-zula-200cm-121x300.jpg\" data-width=\"121\" data-height=\"300\" alt=\"\" ><\/div>\n\t\t\t\t\t\t\t\t\t\t<div class=\"elementor-gallery-item__overlay\"><\/div>\n\t\t\t\t\t\t\t\t\t\t\t\t\t\t<\/a>\n\t\t\t\t\t\t\t<a class=\"e-gallery-item elementor-gallery-item elementor-animated-content\" href=\"https:\/\/socharreznicek.cz\/wp-content\/uploads\/2021\/05\/DSCN2754-scaled.jpg\" data-elementor-open-lightbox=\"yes\" data-elementor-lightbox-slideshow=\"all-10e9c44\" data-elementor-lightbox-title=\"DSCN2754\">\n\t\t\t\t\t<div class=\"e-gallery-image elementor-gallery-item__image\" data-thumbnail=\"https:\/\/socharreznicek.cz\/wp-content\/uploads\/2021\/05\/DSCN2754-185x300.jpg\" data-width=\"185\" data-height=\"300\" alt=\"\" ><\/div>\n\t\t\t\t\t\t\t\t\t\t<div class=\"elementor-gallery-item__overlay\"><\/div>\n\t\t\t\t\t\t\t\t\t\t\t\t\t\t<\/a>\n\t\t\t\t\t\t\t<a class=\"e-gallery-item elementor-gallery-item elementor-animated-content\" href=\"https:\/\/socharreznicek.cz\/wp-content\/uploads\/2021\/05\/kaplicka-piskovec-250cm-scaled.jpg\" data-elementor-open-lightbox=\"yes\" data-elementor-lightbox-slideshow=\"all-10e9c44\" data-elementor-lightbox-title=\"kapli\u010dka p\u00edskovec 250cm\">\n\t\t\t\t\t<div class=\"e-gallery-image elementor-gallery-item__image\" data-thumbnail=\"https:\/\/socharreznicek.cz\/wp-content\/uploads\/2021\/05\/kaplicka-piskovec-250cm-193x300.jpg\" data-width=\"193\" data-height=\"300\" alt=\"\" ><\/div>\n\t\t\t\t\t\t\t\t\t\t<div class=\"elementor-gallery-item__overlay\"><\/div>\n\t\t\t\t\t\t\t\t\t\t\t\t\t\t<\/a>\n\t\t\t\t\t\t\t<a class=\"e-gallery-item elementor-gallery-item elementor-animated-content\" href=\"https:\/\/socharreznicek.cz\/wp-content\/uploads\/2021\/05\/narozeniny-095.jpg\" data-elementor-open-lightbox=\"yes\" data-elementor-lightbox-slideshow=\"all-10e9c44\" data-elementor-lightbox-title=\"narozeniny 095\">\n\t\t\t\t\t<div class=\"e-gallery-image elementor-gallery-item__image\" data-thumbnail=\"https:\/\/socharreznicek.cz\/wp-content\/uploads\/2021\/05\/narozeniny-095-172x300.jpg\" data-width=\"172\" data-height=\"300\" alt=\"\" ><\/div>\n\t\t\t\t\t\t\t\t\t\t<div class=\"elementor-gallery-item__overlay\"><\/div>\n\t\t\t\t\t\t\t\t\t\t\t\t\t\t<\/a>\n\t\t\t\t\t\t\t<a class=\"e-gallery-item elementor-gallery-item elementor-animated-content\" href=\"https:\/\/socharreznicek.cz\/wp-content\/uploads\/2021\/05\/kaplicka-piskovec-200cm.jpg\" data-elementor-open-lightbox=\"yes\" data-elementor-lightbox-slideshow=\"all-10e9c44\" data-elementor-lightbox-title=\"kapli\u010dka p\u00edskovec-200cm\">\n\t\t\t\t\t<div class=\"e-gallery-image elementor-gallery-item__image\" data-thumbnail=\"https:\/\/socharreznicek.cz\/wp-content\/uploads\/2021\/05\/kaplicka-piskovec-200cm-206x300.jpg\" data-width=\"206\" data-height=\"300\" alt=\"\" ><\/div>\n\t\t\t\t\t\t\t\t\t\t<div class=\"elementor-gallery-item__overlay\"><\/div>\n\t\t\t\t\t\t\t\t\t\t\t\t\t\t<\/a>\n\t\t\t\t\t\t\t<a class=\"e-gallery-item elementor-gallery-item elementor-animated-content\" href=\"https:\/\/socharreznicek.cz\/wp-content\/uploads\/2021\/05\/na-vyhlidce-zula-260cm-scaled.jpg\" data-elementor-open-lightbox=\"yes\" data-elementor-lightbox-slideshow=\"all-10e9c44\" data-elementor-lightbox-title=\"na vyhl\u00eddce \u017eula-260cm\">\n\t\t\t\t\t<div class=\"e-gallery-image elementor-gallery-item__image\" data-thumbnail=\"https:\/\/socharreznicek.cz\/wp-content\/uploads\/2021\/05\/na-vyhlidce-zula-260cm-300x242.jpg\" data-width=\"300\" data-height=\"242\" alt=\"\" ><\/div>\n\t\t\t\t\t\t\t\t\t\t<div class=\"elementor-gallery-item__overlay\"><\/div>\n\t\t\t\t\t\t\t\t\t\t\t\t\t\t<\/a>\n\t\t\t\t\t\t\t<a class=\"e-gallery-item elementor-gallery-item elementor-animated-content\" href=\"https:\/\/socharreznicek.cz\/wp-content\/uploads\/2021\/05\/IMG_9823-scaled.jpg\" data-elementor-open-lightbox=\"yes\" data-elementor-lightbox-slideshow=\"all-10e9c44\" data-elementor-lightbox-title=\"IMG_9823\">\n\t\t\t\t\t<div class=\"e-gallery-image elementor-gallery-item__image\" data-thumbnail=\"https:\/\/socharreznicek.cz\/wp-content\/uploads\/2021\/05\/IMG_9823-166x300.jpg\" data-width=\"166\" data-height=\"300\" alt=\"\" ><\/div>\n\t\t\t\t\t\t\t\t\t\t<div class=\"elementor-gallery-item__overlay\"><\/div>\n\t\t\t\t\t\t\t\t\t\t\t\t\t\t<\/a>\n\t\t\t\t\t\t\t<a class=\"e-gallery-item elementor-gallery-item elementor-animated-content\" href=\"https:\/\/socharreznicek.cz\/wp-content\/uploads\/2021\/05\/DSC_0382-scaled.jpg\" data-elementor-open-lightbox=\"yes\" data-elementor-lightbox-slideshow=\"all-10e9c44\" data-elementor-lightbox-title=\"DSC_0382\">\n\t\t\t\t\t<div class=\"e-gallery-image elementor-gallery-item__image\" data-thumbnail=\"https:\/\/socharreznicek.cz\/wp-content\/uploads\/2021\/05\/DSC_0382-300x249.jpg\" data-width=\"300\" data-height=\"249\" alt=\"\" ><\/div>\n\t\t\t\t\t\t\t\t\t\t<div class=\"elementor-gallery-item__overlay\"><\/div>\n\t\t\t\t\t\t\t\t\t\t\t\t\t\t<\/a>\n\t\t\t\t\t\t\t<a class=\"e-gallery-item elementor-gallery-item elementor-animated-content\" href=\"https:\/\/socharreznicek.cz\/wp-content\/uploads\/2021\/05\/kamen-prani-trachyt-patynovany-cin-140cm-scaled.jpg\" data-elementor-open-lightbox=\"yes\" data-elementor-lightbox-slideshow=\"all-10e9c44\" data-elementor-lightbox-title=\"k\u00e1men p\u0159\u00e1n\u00ed trachyt patynovan\u00fd c\u00edn-140cm\">\n\t\t\t\t\t<div class=\"e-gallery-image elementor-gallery-item__image\" data-thumbnail=\"https:\/\/socharreznicek.cz\/wp-content\/uploads\/2021\/05\/kamen-prani-trachyt-patynovany-cin-140cm-139x300.jpg\" data-width=\"139\" data-height=\"300\" alt=\"\" ><\/div>\n\t\t\t\t\t\t\t\t\t\t<div class=\"elementor-gallery-item__overlay\"><\/div>\n\t\t\t\t\t\t\t\t\t\t\t\t\t\t<\/a>\n\t\t\t\t\t\t\t<a class=\"e-gallery-item elementor-gallery-item elementor-animated-content\" href=\"https:\/\/socharreznicek.cz\/wp-content\/uploads\/2021\/05\/bludny-kriz-zula-220cm-scaled.jpg\" data-elementor-open-lightbox=\"yes\" data-elementor-lightbox-slideshow=\"all-10e9c44\" data-elementor-lightbox-title=\"bludn\u00fd k\u0159\u00ed\u017e \u017eula-220cm\">\n\t\t\t\t\t<div class=\"e-gallery-image elementor-gallery-item__image\" data-thumbnail=\"https:\/\/socharreznicek.cz\/wp-content\/uploads\/2021\/05\/bludny-kriz-zula-220cm-170x300.jpg\" data-width=\"170\" data-height=\"300\" alt=\"\" ><\/div>\n\t\t\t\t\t\t\t\t\t\t<div class=\"elementor-gallery-item__overlay\"><\/div>\n\t\t\t\t\t\t\t\t\t\t\t\t\t\t<\/a>\n\t\t\t\t\t\t\t<a class=\"e-gallery-item elementor-gallery-item elementor-animated-content\" href=\"https:\/\/socharreznicek.cz\/wp-content\/uploads\/2021\/05\/deleni-zula-45cm-scaled.jpg\" data-elementor-open-lightbox=\"yes\" data-elementor-lightbox-slideshow=\"all-10e9c44\" data-elementor-lightbox-title=\"d\u011blen\u00ed \u017eula-45cm\">\n\t\t\t\t\t<div class=\"e-gallery-image elementor-gallery-item__image\" data-thumbnail=\"https:\/\/socharreznicek.cz\/wp-content\/uploads\/2021\/05\/deleni-zula-45cm-300x284.jpg\" data-width=\"300\" data-height=\"284\" alt=\"\" ><\/div>\n\t\t\t\t\t\t\t\t\t\t<div class=\"elementor-gallery-item__overlay\"><\/div>\n\t\t\t\t\t\t\t\t\t\t\t\t\t\t<\/a>\n\t\t\t\t\t\t\t<a class=\"e-gallery-item elementor-gallery-item elementor-animated-content\" href=\"https:\/\/socharreznicek.cz\/wp-content\/uploads\/2021\/05\/embrya-piskovec-patynovany-cin-150cm-scaled.jpg\" data-elementor-open-lightbox=\"yes\" data-elementor-lightbox-slideshow=\"all-10e9c44\" data-elementor-lightbox-title=\"embrya p\u00edskovec-patynovan\u00fd c\u00edn 150cm\">\n\t\t\t\t\t<div class=\"e-gallery-image elementor-gallery-item__image\" data-thumbnail=\"https:\/\/socharreznicek.cz\/wp-content\/uploads\/2021\/05\/embrya-piskovec-patynovany-cin-150cm-188x300.jpg\" data-width=\"188\" data-height=\"300\" alt=\"\" ><\/div>\n\t\t\t\t\t\t\t\t\t\t<div class=\"elementor-gallery-item__overlay\"><\/div>\n\t\t\t\t\t\t\t\t\t\t\t\t\t\t<\/a>\n\t\t\t\t\t\t\t<a class=\"e-gallery-item elementor-gallery-item elementor-animated-content\" href=\"https:\/\/socharreznicek.cz\/wp-content\/uploads\/2021\/05\/japonska-lampa-zula-170cm-scaled.jpg\" data-elementor-open-lightbox=\"yes\" data-elementor-lightbox-slideshow=\"all-10e9c44\" data-elementor-lightbox-title=\"japonsk\u00e1 lampa \u017eula-170cm\">\n\t\t\t\t\t<div class=\"e-gallery-image elementor-gallery-item__image\" data-thumbnail=\"https:\/\/socharreznicek.cz\/wp-content\/uploads\/2021\/05\/japonska-lampa-zula-170cm-152x300.jpg\" data-width=\"152\" data-height=\"300\" alt=\"\" ><\/div>\n\t\t\t\t\t\t\t\t\t\t<div class=\"elementor-gallery-item__overlay\"><\/div>\n\t\t\t\t\t\t\t\t\t\t\t\t\t\t<\/a>\n\t\t\t\t\t\t\t<a class=\"e-gallery-item elementor-gallery-item elementor-animated-content\" href=\"https:\/\/socharreznicek.cz\/wp-content\/uploads\/2021\/05\/fotky-204-scaled.jpg\" data-elementor-open-lightbox=\"yes\" data-elementor-lightbox-slideshow=\"all-10e9c44\" data-elementor-lightbox-title=\"fotky 204\">\n\t\t\t\t\t<div class=\"e-gallery-image elementor-gallery-item__image\" data-thumbnail=\"https:\/\/socharreznicek.cz\/wp-content\/uploads\/2021\/05\/fotky-204-150x300.jpg\" data-width=\"150\" data-height=\"300\" alt=\"\" ><\/div>\n\t\t\t\t\t\t\t\t\t\t<div class=\"elementor-gallery-item__overlay\"><\/div>\n\t\t\t\t\t\t\t\t\t\t\t\t\t\t<\/a>\n\t\t\t\t\t<\/div>\n\t\t\t<\/div>\n\t\t\t\t<\/div>\n\t\t\t\t<div class=\"elementor-element elementor-element-78bc6af elementor-align-center elementor-widget elementor-widget-button\" data-id=\"78bc6af\" data-element_type=\"widget\" data-widget_type=\"button.default\">\n\t\t\t\t<div class=\"elementor-widget-container\">\n\t\t\t\t\t<div class=\"elementor-button-wrapper\">\n\t\t\t<a href=\"http:\/\/socharreznicek.cz\" class=\"elementor-button-link elementor-button elementor-size-sm\" role=\"button\">\n\t\t\t\t\t\t<span class=\"elementor-button-content-wrapper\">\n\t\t\t\t\t\t<span class=\"elementor-button-text\">Zp\u011bt na hlavn\u00ed str\u00e1nku<\/span>\n\t\t<\/span>\n\t\t\t\t\t<\/a>\n\t\t<\/div>\n\t\t\t\t<\/div>\n\t\t\t\t<\/div>\n\t\t\t\t\t<\/div>\n\t\t<\/div>\n\t\t\t\t\t\t\t<\/div>\n\t\t<\/section>\n\t\t\t\t\t<\/div>\n\t\t<\/div>\n\t\t\t\t\t\t\t<\/div>\n\t\t<\/section>\n\t\t\t\t\t\t<\/div>\n\t\t\t\t\t<\/div>\n\t\t","protected":false},"excerpt":{"rendered":"<p>V\u0161e vyroben\u00e9 z Kamene Zp\u011bt na hlavn\u00ed str\u00e1nku<\/p>\n","protected":false},"author":1,"featured_media":0,"parent":0,"menu_order":0,"comment_status":"closed","ping_status":"closed","template":"","meta":{"footnotes":""},"class_list":["post-1286","page","type-page","status-publish","hentry"],"_links":{"self":[{"href":"https:\/\/socharreznicek.cz\/index.php?rest_route=\/wp\/v2\/pages\/1286","targetHints":{"allow":["GET"]}}],"collection":[{"href":"https:\/\/socharreznicek.cz\/index.php?rest_route=\/wp\/v2\/pages"}],"about":[{"href":"https:\/\/socharreznicek.cz\/index.php?rest_route=\/wp\/v2\/types\/page"}],"author":[{"embeddable":true,"href":"https:\/\/socharreznicek.cz\/index.php?rest_route=\/wp\/v2\/users\/1"}],"replies":[{"embeddable":true,"href":"https:\/\/socharreznicek.cz\/index.php?rest_route=%2Fwp%2Fv2%2Fcomments&post=1286"}],"version-history":[{"count":19,"href":"https:\/\/socharreznicek.cz\/index.php?rest_route=\/wp\/v2\/pages\/1286\/revisions"}],"predecessor-version":[{"id":1521,"href":"https:\/\/socharreznicek.cz\/index.php?rest_route=\/wp\/v2\/pages\/1286\/revisions\/1521"}],"wp:attachment":[{"href":"https:\/\/socharreznicek.cz\/index.php?rest_route=%2Fwp%2Fv2%2Fmedia&parent=1286"}],"curies":[{"name":"wp","href":"https:\/\/api.w.org\/{rel}","templated":true}]}}